{"id":3,"date":"2025-11-28T17:14:19","date_gmt":"2025-11-28T17:14:19","guid":{"rendered":"https:\/\/nsproducoeseventos.com\/?page_id=3"},"modified":"2025-12-15T14:59:35","modified_gmt":"2025-12-15T14:59:35","slug":"politica-de-privacidade","status":"publish","type":"page","link":"https:\/\/nsproducoeseventos.com\/en\/politica-de-privacidade\/","title":{"rendered":"Pol\u00edtica de privacidade"},"content":{"rendered":"<div data-elementor-type=\"wp-page\" data-elementor-id=\"3\" class=\"elementor elementor-3\" data-elementor-post-type=\"page\">\n\t\t\t\t<div class=\"elementor-element elementor-element-5355f5de e-flex e-con-boxed e-con e-parent\" data-id=\"5355f5de\" data-element_type=\"container\" data-e-type=\"container\">\n\t\t\t\t\t<div class=\"e-con-inner\">\n\t\t\t\t<div class=\"elementor-element elementor-element-48ad04b7 elementor-widget elementor-widget-text-editor\" data-id=\"48ad04b7\" data-element_type=\"widget\" data-e-type=\"widget\" data-widget_type=\"text-editor.default\">\n\t\t\t\t\t\t\t\t\t<h2><span style=\"color: rgb(68, 68, 68);\">Privacy Policy<\/span><\/h2><p><span style=\"color: rgb(68, 68, 68);\">Your privacy is important to us. It is the policy of NS Produ\u00e7\u00f5es Group to respect your privacy regarding any information we may collect from you on our website. <a href=\"https:\/\/nsproducoeseventos.com\/en\/\">Grupo NS Produ\u00e7\u00f5es<\/a>, e outros sites que possu\u00edmos e operamos.<\/span><\/p><p><span style=\"color: rgb(68, 68, 68);\">We only request personal information when we truly need it to provide you with a service. We do so by fair and lawful means, with your knowledge and consent. We also inform you why we are collecting it and how it will be used.<\/span><\/p><p><span style=\"color: rgb(68, 68, 68);\">We only retain the information collected for as long as necessary to provide the requested service. When we store data, we protect it using commercially acceptable means to prevent loss and theft, as well as unauthorised access, disclosure, copying, use, or modification.<\/span><\/p><p><span style=\"color: rgb(68, 68, 68);\">We do not share personally identifiable information publicly or with third parties, except when required by law.<\/span><\/p><p><span style=\"color: rgb(68, 68, 68);\">Our website may contain links to external websites that are not operated by us. Please be aware that we have no control over the content and practices of these websites and cannot accept responsibility for their respective&nbsp;<\/span><a href=\"https:\/\/politicaprivacidade.com\/\" rel=\"noopener noreferrer\" target=\"_blank\" style=\"background-color: transparent; color: rgb(68, 68, 68);\">pol\u00edticas de privacidade<\/a><span style=\"color: rgb(68, 68, 68);\">.<\/span><\/p><p><span style=\"color: rgb(68, 68, 68);\">You are free to decline our request for personal information, understanding that we may not be able to provide some of the services you desire.<\/span><\/p><p><span style=\"color: rgb(68, 68, 68);\">Your continued use of our website will be regarded as acceptance of our practices around privacy and personal information. If you have any questions about how we handle user data and personal information, please contact us.<\/span><\/p><p><span style=\"color: rgb(68, 68, 68);\"><ul><li><span style=\"color: rgb(68, 68, 68);\">The Google AdSense service we use to serve advertising uses a DoubleClick cookie to serve more relevant ads across the Web and limit the number of times a given ad is shown to you.<\/span><\/li><li><span style=\"color: rgb(68, 68, 68);\">For more information about Google AdSense, please refer to the official Google AdSense privacy FAQs.<\/span><\/li><li><span style=\"color: rgb(68, 68, 68);\">We use advertisements to offset the costs of running this website and to provide funding for future developments. The behavioural advertising cookies used by this website are designed to ensure that you are provided with the most relevant advertisements whenever possible, by anonymously tracking your interests and presenting similar items that may be of interest to you.<\/span><\/li><li><span style=\"color: rgb(68, 68, 68);\">Several partners advertise on our behalf, and affiliate tracking cookies simply allow us to see if our customers have accessed the site through one of our partners' websites, so that we can credit them appropriately and, where applicable, allow our affiliate partners to offer any promotion that may provide you with a discount on your purchase.<\/span><\/li><\/ul><p><br><\/p><\/span><\/p><h3><span style=\"color: rgb(68, 68, 68);\">User Commitment<\/span><\/h3><p><span style=\"color: rgb(68, 68, 68);\">The user undertakes to make appropriate use of the content and information that the NS Produ\u00e7\u00f5es Group offers on the website, including but not limited to:<\/span><\/p><ul><li><span style=\"color: rgb(68, 68, 68);\">A) Not to engage in activities that are illegal or contrary to good faith and public order;<\/span><\/li><li><span style=\"color: rgb(68, 68, 68);\">B) Not to disseminate propaganda or content of a racist or xenophobic nature, games of chance or gambling, any type of illegal pornography, or content that advocates terrorism or violates human rights;<\/span><\/li><li><span style=\"color: rgb(68, 68, 68);\">C) Not to cause damage to the physical (hardware) and logical (software) systems of the NS Produ\u00e7\u00f5es Group, its suppliers or third parties, by introducing or spreading computer viruses or any other hardware or software systems that are capable of causing the aforementioned damage.<\/span><\/li><\/ul><h3><span style=\"color: rgb(68, 68, 68);\">Further information<\/span><\/h3><p><span style=\"color: rgb(68, 68, 68);\">We hope this has been helpful, and as mentioned earlier, if there is something you are unsure whether you need or not, it is generally safer to leave cookies enabled in case it interacts with one of the features you use on our site.<\/span><\/p><p><span style=\"color: rgb(68, 68, 68);\">This policy is effective as of 8 December 2025 15:50<\/span><\/p>\t\t\t\t\t\t\t\t<\/div>\n\t\t\t\t\t<\/div>\n\t\t\t\t<\/div>\n\t\t\t\t<\/div>","protected":false},"excerpt":{"rendered":"<p>Pol\u00edtica Privacidade A sua privacidade \u00e9 importante para n\u00f3s. \u00c9 pol\u00edtica do Grupo NS Produ\u00e7\u00f5es respeitar a sua privacidade em rela\u00e7\u00e3o a qualquer informa\u00e7\u00e3o sua que possamos coletar no site Grupo NS Produ\u00e7\u00f5es, e outros sites que possu\u00edmos e operamos. Solicitamos informa\u00e7\u00f5es pessoais apenas quando realmente precisamos delas para lhe fornecer um servi\u00e7o. Fazemo-lo por [&hellip;]<\/p>","protected":false},"author":1,"featured_media":0,"parent":0,"menu_order":0,"comment_status":"closed","ping_status":"closed","template":"","meta":{"footnotes":""},"class_list":["post-3","page","type-page","status-publish","hentry"],"yoast_head":"<!-- This site is optimized with the Yoast SEO plugin v26.7 - https:\/\/yoast.com\/wordpress\/plugins\/seo\/ -->\n<title>Grupo NS - Pol\u00edtica de privacidade<\/title>\n<meta name=\"description\" content=\"Conhe\u00e7a a nossa pol\u00edtica de privacidade e saiba como protegemos os seus dados pessoais de acordo com a legisla\u00e7\u00e3o em vigor.\" \/>\n<meta name=\"robots\" content=\"index, follow, max-snippet:-1, max-image-preview:large, max-video-preview:-1\" \/>\n<link rel=\"canonical\" href=\"https:\/\/nsproducoeseventos.com\/en\/politica-de-privacidade\/\" \/>\n<meta property=\"og:locale\" content=\"en_GB\" \/>\n<meta property=\"og:type\" content=\"article\" \/>\n<meta property=\"og:title\" content=\"Grupo NS - Pol\u00edtica de privacidade\" \/>\n<meta property=\"og:description\" content=\"Conhe\u00e7a a nossa pol\u00edtica de privacidade e saiba como protegemos os seus dados pessoais de acordo com a legisla\u00e7\u00e3o em vigor.\" \/>\n<meta property=\"og:url\" content=\"https:\/\/nsproducoeseventos.com\/en\/politica-de-privacidade\/\" \/>\n<meta property=\"og:site_name\" content=\"Grupo NS\" \/>\n<meta property=\"article:publisher\" content=\"https:\/\/www.facebook.com\/nsgrupo\" \/>\n<meta property=\"article:modified_time\" content=\"2025-12-15T14:59:35+00:00\" \/>\n<meta property=\"og:image\" content=\"https:\/\/nsproducoeseventos.com\/wp-content\/uploads\/2025\/11\/Logo_NS_-removebg-preview.png\" \/>\n\t<meta property=\"og:image:width\" content=\"532\" \/>\n\t<meta property=\"og:image:height\" content=\"469\" \/>\n\t<meta property=\"og:image:type\" content=\"image\/png\" \/>\n<meta name=\"twitter:card\" content=\"summary_large_image\" \/>\n<meta name=\"twitter:label1\" content=\"Estimated reading time\" \/>\n\t<meta name=\"twitter:data1\" content=\"4 minutes\" \/>\n<script type=\"application\/ld+json\" class=\"yoast-schema-graph\">{\"@context\":\"https:\/\/schema.org\",\"@graph\":[{\"@type\":\"WebPage\",\"@id\":\"https:\/\/nsproducoeseventos.com\/politica-de-privacidade\/\",\"url\":\"https:\/\/nsproducoeseventos.com\/politica-de-privacidade\/\",\"name\":\"Grupo NS - Pol\u00edtica de privacidade\",\"isPartOf\":{\"@id\":\"https:\/\/nsproducoeseventos.com\/#website\"},\"datePublished\":\"2025-11-28T17:14:19+00:00\",\"dateModified\":\"2025-12-15T14:59:35+00:00\",\"description\":\"Conhe\u00e7a a nossa pol\u00edtica de privacidade e saiba como protegemos os seus dados pessoais de acordo com a legisla\u00e7\u00e3o em vigor.\",\"breadcrumb\":{\"@id\":\"https:\/\/nsproducoeseventos.com\/politica-de-privacidade\/#breadcrumb\"},\"inLanguage\":\"en-GB\",\"potentialAction\":[{\"@type\":\"ReadAction\",\"target\":[\"https:\/\/nsproducoeseventos.com\/politica-de-privacidade\/\"]}]},{\"@type\":\"BreadcrumbList\",\"@id\":\"https:\/\/nsproducoeseventos.com\/politica-de-privacidade\/#breadcrumb\",\"itemListElement\":[{\"@type\":\"ListItem\",\"position\":1,\"name\":\"In\u00edcio\",\"item\":\"https:\/\/nsproducoeseventos.com\/\"},{\"@type\":\"ListItem\",\"position\":2,\"name\":\"Pol\u00edtica de privacidade\"}]},{\"@type\":\"WebSite\",\"@id\":\"https:\/\/nsproducoeseventos.com\/#website\",\"url\":\"https:\/\/nsproducoeseventos.com\/\",\"name\":\"Grupo NS\",\"description\":\"\",\"publisher\":{\"@id\":\"https:\/\/nsproducoeseventos.com\/#organization\"},\"alternateName\":\"Grupos NS Produ\u00e7\u00f5es\",\"potentialAction\":[{\"@type\":\"SearchAction\",\"target\":{\"@type\":\"EntryPoint\",\"urlTemplate\":\"https:\/\/nsproducoeseventos.com\/?s={search_term_string}\"},\"query-input\":{\"@type\":\"PropertyValueSpecification\",\"valueRequired\":true,\"valueName\":\"search_term_string\"}}],\"inLanguage\":\"en-GB\"},{\"@type\":\"Organization\",\"@id\":\"https:\/\/nsproducoeseventos.com\/#organization\",\"name\":\"Grupo NS\",\"url\":\"https:\/\/nsproducoeseventos.com\/\",\"logo\":{\"@type\":\"ImageObject\",\"inLanguage\":\"en-GB\",\"@id\":\"https:\/\/nsproducoeseventos.com\/#\/schema\/logo\/image\/\",\"url\":\"https:\/\/nsproducoeseventos.com\/wp-content\/uploads\/2025\/11\/Logo_NS_-removebg-preview.png\",\"contentUrl\":\"https:\/\/nsproducoeseventos.com\/wp-content\/uploads\/2025\/11\/Logo_NS_-removebg-preview.png\",\"width\":532,\"height\":469,\"caption\":\"Grupo NS\"},\"image\":{\"@id\":\"https:\/\/nsproducoeseventos.com\/#\/schema\/logo\/image\/\"},\"sameAs\":[\"https:\/\/www.facebook.com\/nsgrupo\"]}]}<\/script>\n<!-- \/ Yoast SEO plugin. -->","yoast_head_json":{"title":"Grupo NS - Pol\u00edtica de privacidade","description":"Conhe\u00e7a a nossa pol\u00edtica de privacidade e saiba como protegemos os seus dados pessoais de acordo com a legisla\u00e7\u00e3o em vigor.","robots":{"index":"index","follow":"follow","max-snippet":"max-snippet:-1","max-image-preview":"max-image-preview:large","max-video-preview":"max-video-preview:-1"},"canonical":"https:\/\/nsproducoeseventos.com\/en\/politica-de-privacidade\/","og_locale":"en_GB","og_type":"article","og_title":"Grupo NS - Pol\u00edtica de privacidade","og_description":"Conhe\u00e7a a nossa pol\u00edtica de privacidade e saiba como protegemos os seus dados pessoais de acordo com a legisla\u00e7\u00e3o em vigor.","og_url":"https:\/\/nsproducoeseventos.com\/en\/politica-de-privacidade\/","og_site_name":"Grupo NS","article_publisher":"https:\/\/www.facebook.com\/nsgrupo","article_modified_time":"2025-12-15T14:59:35+00:00","og_image":[{"width":532,"height":469,"url":"https:\/\/nsproducoeseventos.com\/wp-content\/uploads\/2025\/11\/Logo_NS_-removebg-preview.png","type":"image\/png"}],"twitter_card":"summary_large_image","twitter_misc":{"Estimated reading time":"4 minutes"},"schema":{"@context":"https:\/\/schema.org","@graph":[{"@type":"WebPage","@id":"https:\/\/nsproducoeseventos.com\/politica-de-privacidade\/","url":"https:\/\/nsproducoeseventos.com\/politica-de-privacidade\/","name":"Grupo NS - Pol\u00edtica de privacidade","isPartOf":{"@id":"https:\/\/nsproducoeseventos.com\/#website"},"datePublished":"2025-11-28T17:14:19+00:00","dateModified":"2025-12-15T14:59:35+00:00","description":"Conhe\u00e7a a nossa pol\u00edtica de privacidade e saiba como protegemos os seus dados pessoais de acordo com a legisla\u00e7\u00e3o em vigor.","breadcrumb":{"@id":"https:\/\/nsproducoeseventos.com\/politica-de-privacidade\/#breadcrumb"},"inLanguage":"en-GB","potentialAction":[{"@type":"ReadAction","target":["https:\/\/nsproducoeseventos.com\/politica-de-privacidade\/"]}]},{"@type":"BreadcrumbList","@id":"https:\/\/nsproducoeseventos.com\/politica-de-privacidade\/#breadcrumb","itemListElement":[{"@type":"ListItem","position":1,"name":"In\u00edcio","item":"https:\/\/nsproducoeseventos.com\/"},{"@type":"ListItem","position":2,"name":"Pol\u00edtica de privacidade"}]},{"@type":"WebSite","@id":"https:\/\/nsproducoeseventos.com\/#website","url":"https:\/\/nsproducoeseventos.com\/","name":"Grupo NS","description":"","publisher":{"@id":"https:\/\/nsproducoeseventos.com\/#organization"},"alternateName":"Grupos NS Produ\u00e7\u00f5es","potentialAction":[{"@type":"SearchAction","target":{"@type":"EntryPoint","urlTemplate":"https:\/\/nsproducoeseventos.com\/?s={search_term_string}"},"query-input":{"@type":"PropertyValueSpecification","valueRequired":true,"valueName":"search_term_string"}}],"inLanguage":"en-GB"},{"@type":"Organization","@id":"https:\/\/nsproducoeseventos.com\/#organization","name":"Grupo NS","url":"https:\/\/nsproducoeseventos.com\/","logo":{"@type":"ImageObject","inLanguage":"en-GB","@id":"https:\/\/nsproducoeseventos.com\/#\/schema\/logo\/image\/","url":"https:\/\/nsproducoeseventos.com\/wp-content\/uploads\/2025\/11\/Logo_NS_-removebg-preview.png","contentUrl":"https:\/\/nsproducoeseventos.com\/wp-content\/uploads\/2025\/11\/Logo_NS_-removebg-preview.png","width":532,"height":469,"caption":"Grupo NS"},"image":{"@id":"https:\/\/nsproducoeseventos.com\/#\/schema\/logo\/image\/"},"sameAs":["https:\/\/www.facebook.com\/nsgrupo"]}]}},"_links":{"self":[{"href":"https:\/\/nsproducoeseventos.com\/en\/wp-json\/wp\/v2\/pages\/3","targetHints":{"allow":["GET"]}}],"collection":[{"href":"https:\/\/nsproducoeseventos.com\/en\/wp-json\/wp\/v2\/pages"}],"about":[{"href":"https:\/\/nsproducoeseventos.com\/en\/wp-json\/wp\/v2\/types\/page"}],"author":[{"embeddable":true,"href":"https:\/\/nsproducoeseventos.com\/en\/wp-json\/wp\/v2\/users\/1"}],"replies":[{"embeddable":true,"href":"https:\/\/nsproducoeseventos.com\/en\/wp-json\/wp\/v2\/comments?post=3"}],"version-history":[{"count":4,"href":"https:\/\/nsproducoeseventos.com\/en\/wp-json\/wp\/v2\/pages\/3\/revisions"}],"predecessor-version":[{"id":2969,"href":"https:\/\/nsproducoeseventos.com\/en\/wp-json\/wp\/v2\/pages\/3\/revisions\/2969"}],"wp:attachment":[{"href":"https:\/\/nsproducoeseventos.com\/en\/wp-json\/wp\/v2\/media?parent=3"}],"curies":[{"name":"wp","href":"https:\/\/api.w.org\/{rel}","templated":true}]}}