{"id":2970,"date":"2025-12-08T15:51:22","date_gmt":"2025-12-08T15:51:22","guid":{"rendered":"https:\/\/nsproducoeseventos.com\/?page_id=2970"},"modified":"2025-12-15T14:59:15","modified_gmt":"2025-12-15T14:59:15","slug":"termos-e-condicoes","status":"publish","type":"page","link":"https:\/\/nsproducoeseventos.com\/en\/termos-e-condicoes\/","title":{"rendered":"Terms and Conditions"},"content":{"rendered":"<div data-elementor-type=\"wp-page\" data-elementor-id=\"2970\" class=\"elementor elementor-2970\" data-elementor-post-type=\"page\">\n\t\t\t\t<div class=\"elementor-element elementor-element-cff2ed8 e-flex e-con-boxed e-con e-parent\" data-id=\"cff2ed8\" data-element_type=\"container\" data-e-type=\"container\">\n\t\t\t\t\t<div class=\"e-con-inner\">\n\t\t\t\t<div class=\"elementor-element elementor-element-900bad9 elementor-widget elementor-widget-text-editor\" data-id=\"900bad9\" data-element_type=\"widget\" data-e-type=\"widget\" data-widget_type=\"text-editor.default\">\n\t\t\t\t\t\t\t\t\t<h2><span style=\"color: rgb(68, 68, 68);\">1. Terms<\/span><\/h2><p><span style=\"color: rgb(68, 68, 68);\">When accessing the website <a href=\"https:\/\/nsproducoeseventos.com\/en\/\">Grupo NS Produ\u00e7\u00f5es<\/a>, you agree to comply with these terms of service, all applicable laws and regulations, and agree that you are responsible for compliance with all applicable local laws. If you do not agree with any of these terms, you are prohibited from using or accessing this site. The materials contained in this site are protected by applicable copyright and trademark law.<\/span><\/p><h2><span style=\"color: rgb(68, 68, 68);\">2. Licence Use<\/span><\/h2><p><span style=\"color: rgb(68, 68, 68);\">Permission is granted to temporarily download one copy of the materials (information or software) on the Grupo NS Produ\u00e7\u00f5es website for personal, non-commercial transitory viewing only. This is the granting of a licence, not a transfer of title, and under this licence you may not:&nbsp;<\/span><\/p><ol><li><span style=\"color: rgb(68, 68, 68);\">modify or copy the materials;&nbsp;<\/span><\/li><li><span style=\"color: rgb(68, 68, 68);\">use the materials for any commercial purpose or for public display (commercial or non-commercial);&nbsp;<\/span><\/li><li><span style=\"color: rgb(68, 68, 68);\">attempt to decompile or reverse engineer any software contained on the Grupo NS Produ\u00e7\u00f5es website;&nbsp;<\/span><\/li><li><span style=\"color: rgb(68, 68, 68);\">remove any copyright or other proprietary notations from the materials; or&nbsp;<\/span><\/li><li><span style=\"color: rgb(68, 68, 68);\">transfer the materials to another person or 'mirror' the materials on any other server.<\/span><\/li><\/ol><p><span style=\"color: rgb(68, 68, 68);\">This licence shall automatically terminate if you violate any of these restrictions and may be terminated by Grupo NS Produ\u00e7\u00f5es at any time. Upon terminating your viewing of these materials or upon the termination of this licence, you must delete all downloaded materials in your possession, whether in electronic or printed format.<\/span><\/p><h2><span style=\"color: rgb(68, 68, 68);\">3. Disclaimer<\/span><\/h2><ol><li><span style=\"color: rgb(68, 68, 68);\">The materials on the Grupo NS Produ\u00e7\u00f5es website are provided 'as is'. Grupo NS Produ\u00e7\u00f5es makes no warranties, express or implied, and hereby disclaims and negates all other warranties, including, without limitation, implied warranties or conditions of merchantability, fitness for a particular purpose, or non-infringement of intellectual property or other violation of rights.<\/span><\/li><li><span style=\"color: rgb(68, 68, 68);\">Furthermore, NS Produ\u00e7\u00f5es Group does not warrant or make any representations regarding the accuracy, likely results, or reliability of the use of the materials on its website or otherwise relating to such materials or on any sites linked to this site.<\/span><\/li><\/ol><h2><span style=\"color: rgb(68, 68, 68);\">4. Limitations<\/span><\/h2><p><span style=\"color: rgb(68, 68, 68);\">In no event shall Grupo NS Produ\u00e7\u00f5es or its suppliers be liable for any damages (including, without limitation, damages for loss of data or profit, or due to business interruption) arising out of the use or inability to use the materials on Grupo NS Produ\u00e7\u00f5es, even if Grupo NS Produ\u00e7\u00f5es or an authorised representative of Grupo NS Produ\u00e7\u00f5es has been notified orally or in writing of the possibility of such damage. Because some jurisdictions do not allow limitations on implied warranties, or limitations of liability for consequential or incidental damages, these limitations may not apply to you.<\/span><\/p><h2><span style=\"color: rgb(68, 68, 68);\">5. Accuracy of materials<\/span><\/h2><p><span style=\"color: rgb(68, 68, 68);\">The materials displayed on the Grupo NS Produ\u00e7\u00f5es website may include technical, typographical, or photographic errors. Grupo NS Produ\u00e7\u00f5es does not guarantee that any material on its website is accurate, complete, or current. Grupo NS Produ\u00e7\u00f5es may make changes to the materials contained on its website at any time without notice. However, Grupo NS Produ\u00e7\u00f5es does not commit to updating the materials.<\/span><\/p><h2><span style=\"color: rgb(68, 68, 68);\">6. Links<\/span><\/h2><p><span style=\"color: rgb(68, 68, 68);\">Grupo NS Produ\u00e7\u00f5es has not reviewed all of the sites linked to its website and is not responsible for the content of any linked site. The inclusion of any link does not imply endorsement by Grupo NS Produ\u00e7\u00f5es of the site. Use of any linked website is at the user's own risk.<\/span><\/p><p><br><\/p><h3><span style=\"color: rgb(68, 68, 68);\">Modifications<\/span><\/h3><p><span style=\"color: rgb(68, 68, 68);\">NS Produ\u00e7\u00f5es Group may revise these website terms of service at any time without prior notice. By using this website, you agree to be bound by the current version of these terms of service.<\/span><\/p><h3><span style=\"color: rgb(68, 68, 68);\">Applicable law<\/span><\/h3><p><span style=\"color: rgb(68, 68, 68);\">These terms and conditions are governed by and interpreted in accordance with the laws of NS Produ\u00e7\u00f5es Group, and you irrevocably submit to the exclusive jurisdiction of the courts in that state or locality.<\/span><\/p>\t\t\t\t\t\t\t\t<\/div>\n\t\t\t\t\t<\/div>\n\t\t\t\t<\/div>\n\t\t\t\t<\/div>","protected":false},"excerpt":{"rendered":"<p>1. Termos Ao acessar ao site Grupo NS Produ\u00e7\u00f5es, concorda em cumprir estes termos de servi\u00e7o, todas as leis e regulamentos aplic\u00e1veis \u200b\u200be concorda que \u00e9 respons\u00e1vel pelo cumprimento de todas as leis locais aplic\u00e1veis. Se voc\u00ea n\u00e3o concordar com algum desses termos, est\u00e1 proibido de usar ou acessar este site. Os materiais contidos neste [&hellip;]<\/p>","protected":false},"author":1,"featured_media":0,"parent":0,"menu_order":0,"comment_status":"closed","ping_status":"closed","template":"","meta":{"footnotes":""},"class_list":["post-2970","page","type-page","status-publish","hentry"],"yoast_head":"<!-- This site is optimized with the Yoast SEO plugin v26.7 - https:\/\/yoast.com\/wordpress\/plugins\/seo\/ -->\n<title>Grupo NS - Termos e Condi\u00e7\u00f5es<\/title>\n<meta name=\"description\" content=\"Consulte os termos e condi\u00e7\u00f5es dos nossos servi\u00e7os de organiza\u00e7\u00e3o de casamentos e eventos. Informa\u00e7\u00e3o clara sobre responsabilidades e condi\u00e7\u00f5es de servi\u00e7o.\" \/>\n<meta name=\"robots\" content=\"index, follow, max-snippet:-1, max-image-preview:large, max-video-preview:-1\" \/>\n<link rel=\"canonical\" href=\"https:\/\/nsproducoeseventos.com\/en\/termos-e-condicoes\/\" \/>\n<meta property=\"og:locale\" content=\"en_GB\" \/>\n<meta property=\"og:type\" content=\"article\" \/>\n<meta property=\"og:title\" content=\"Grupo NS - Termos e Condi\u00e7\u00f5es\" \/>\n<meta property=\"og:description\" content=\"Consulte os termos e condi\u00e7\u00f5es dos nossos servi\u00e7os de organiza\u00e7\u00e3o de casamentos e eventos. Informa\u00e7\u00e3o clara sobre responsabilidades e condi\u00e7\u00f5es de servi\u00e7o.\" \/>\n<meta property=\"og:url\" content=\"https:\/\/nsproducoeseventos.com\/en\/termos-e-condicoes\/\" \/>\n<meta property=\"og:site_name\" content=\"Grupo NS\" \/>\n<meta property=\"article:publisher\" content=\"https:\/\/www.facebook.com\/nsgrupo\" \/>\n<meta property=\"article:modified_time\" content=\"2025-12-15T14:59:15+00:00\" \/>\n<meta property=\"og:image\" content=\"https:\/\/nsproducoeseventos.com\/wp-content\/uploads\/2025\/11\/Logo_NS_-removebg-preview.png\" \/>\n\t<meta property=\"og:image:width\" content=\"532\" \/>\n\t<meta property=\"og:image:height\" content=\"469\" \/>\n\t<meta property=\"og:image:type\" content=\"image\/png\" \/>\n<meta name=\"twitter:card\" content=\"summary_large_image\" \/>\n<meta name=\"twitter:label1\" content=\"Estimated reading time\" \/>\n\t<meta name=\"twitter:data1\" content=\"4 minutes\" \/>\n<script type=\"application\/ld+json\" class=\"yoast-schema-graph\">{\"@context\":\"https:\/\/schema.org\",\"@graph\":[{\"@type\":\"WebPage\",\"@id\":\"https:\/\/nsproducoeseventos.com\/termos-e-condicoes\/\",\"url\":\"https:\/\/nsproducoeseventos.com\/termos-e-condicoes\/\",\"name\":\"Grupo NS - Termos e Condi\u00e7\u00f5es\",\"isPartOf\":{\"@id\":\"https:\/\/nsproducoeseventos.com\/#website\"},\"datePublished\":\"2025-12-08T15:51:22+00:00\",\"dateModified\":\"2025-12-15T14:59:15+00:00\",\"description\":\"Consulte os termos e condi\u00e7\u00f5es dos nossos servi\u00e7os de organiza\u00e7\u00e3o de casamentos e eventos. Informa\u00e7\u00e3o clara sobre responsabilidades e condi\u00e7\u00f5es de servi\u00e7o.\",\"breadcrumb\":{\"@id\":\"https:\/\/nsproducoeseventos.com\/termos-e-condicoes\/#breadcrumb\"},\"inLanguage\":\"en-GB\",\"potentialAction\":[{\"@type\":\"ReadAction\",\"target\":[\"https:\/\/nsproducoeseventos.com\/termos-e-condicoes\/\"]}]},{\"@type\":\"BreadcrumbList\",\"@id\":\"https:\/\/nsproducoeseventos.com\/termos-e-condicoes\/#breadcrumb\",\"itemListElement\":[{\"@type\":\"ListItem\",\"position\":1,\"name\":\"In\u00edcio\",\"item\":\"https:\/\/nsproducoeseventos.com\/\"},{\"@type\":\"ListItem\",\"position\":2,\"name\":\"Termos e Condi\u00e7\u00f5es\"}]},{\"@type\":\"WebSite\",\"@id\":\"https:\/\/nsproducoeseventos.com\/#website\",\"url\":\"https:\/\/nsproducoeseventos.com\/\",\"name\":\"Grupo NS\",\"description\":\"\",\"publisher\":{\"@id\":\"https:\/\/nsproducoeseventos.com\/#organization\"},\"alternateName\":\"Grupos NS Produ\u00e7\u00f5es\",\"potentialAction\":[{\"@type\":\"SearchAction\",\"target\":{\"@type\":\"EntryPoint\",\"urlTemplate\":\"https:\/\/nsproducoeseventos.com\/?s={search_term_string}\"},\"query-input\":{\"@type\":\"PropertyValueSpecification\",\"valueRequired\":true,\"valueName\":\"search_term_string\"}}],\"inLanguage\":\"en-GB\"},{\"@type\":\"Organization\",\"@id\":\"https:\/\/nsproducoeseventos.com\/#organization\",\"name\":\"Grupo NS\",\"url\":\"https:\/\/nsproducoeseventos.com\/\",\"logo\":{\"@type\":\"ImageObject\",\"inLanguage\":\"en-GB\",\"@id\":\"https:\/\/nsproducoeseventos.com\/#\/schema\/logo\/image\/\",\"url\":\"https:\/\/nsproducoeseventos.com\/wp-content\/uploads\/2025\/11\/Logo_NS_-removebg-preview.png\",\"contentUrl\":\"https:\/\/nsproducoeseventos.com\/wp-content\/uploads\/2025\/11\/Logo_NS_-removebg-preview.png\",\"width\":532,\"height\":469,\"caption\":\"Grupo NS\"},\"image\":{\"@id\":\"https:\/\/nsproducoeseventos.com\/#\/schema\/logo\/image\/\"},\"sameAs\":[\"https:\/\/www.facebook.com\/nsgrupo\"]}]}<\/script>\n<!-- \/ Yoast SEO plugin. -->","yoast_head_json":{"title":"Grupo NS - Termos e Condi\u00e7\u00f5es","description":"Consulte os termos e condi\u00e7\u00f5es dos nossos servi\u00e7os de organiza\u00e7\u00e3o de casamentos e eventos. Informa\u00e7\u00e3o clara sobre responsabilidades e condi\u00e7\u00f5es de servi\u00e7o.","robots":{"index":"index","follow":"follow","max-snippet":"max-snippet:-1","max-image-preview":"max-image-preview:large","max-video-preview":"max-video-preview:-1"},"canonical":"https:\/\/nsproducoeseventos.com\/en\/termos-e-condicoes\/","og_locale":"en_GB","og_type":"article","og_title":"Grupo NS - Termos e Condi\u00e7\u00f5es","og_description":"Consulte os termos e condi\u00e7\u00f5es dos nossos servi\u00e7os de organiza\u00e7\u00e3o de casamentos e eventos. Informa\u00e7\u00e3o clara sobre responsabilidades e condi\u00e7\u00f5es de servi\u00e7o.","og_url":"https:\/\/nsproducoeseventos.com\/en\/termos-e-condicoes\/","og_site_name":"Grupo NS","article_publisher":"https:\/\/www.facebook.com\/nsgrupo","article_modified_time":"2025-12-15T14:59:15+00:00","og_image":[{"width":532,"height":469,"url":"https:\/\/nsproducoeseventos.com\/wp-content\/uploads\/2025\/11\/Logo_NS_-removebg-preview.png","type":"image\/png"}],"twitter_card":"summary_large_image","twitter_misc":{"Estimated reading time":"4 minutes"},"schema":{"@context":"https:\/\/schema.org","@graph":[{"@type":"WebPage","@id":"https:\/\/nsproducoeseventos.com\/termos-e-condicoes\/","url":"https:\/\/nsproducoeseventos.com\/termos-e-condicoes\/","name":"Grupo NS - Termos e Condi\u00e7\u00f5es","isPartOf":{"@id":"https:\/\/nsproducoeseventos.com\/#website"},"datePublished":"2025-12-08T15:51:22+00:00","dateModified":"2025-12-15T14:59:15+00:00","description":"Consulte os termos e condi\u00e7\u00f5es dos nossos servi\u00e7os de organiza\u00e7\u00e3o de casamentos e eventos. Informa\u00e7\u00e3o clara sobre responsabilidades e condi\u00e7\u00f5es de servi\u00e7o.","breadcrumb":{"@id":"https:\/\/nsproducoeseventos.com\/termos-e-condicoes\/#breadcrumb"},"inLanguage":"en-GB","potentialAction":[{"@type":"ReadAction","target":["https:\/\/nsproducoeseventos.com\/termos-e-condicoes\/"]}]},{"@type":"BreadcrumbList","@id":"https:\/\/nsproducoeseventos.com\/termos-e-condicoes\/#breadcrumb","itemListElement":[{"@type":"ListItem","position":1,"name":"In\u00edcio","item":"https:\/\/nsproducoeseventos.com\/"},{"@type":"ListItem","position":2,"name":"Termos e Condi\u00e7\u00f5es"}]},{"@type":"WebSite","@id":"https:\/\/nsproducoeseventos.com\/#website","url":"https:\/\/nsproducoeseventos.com\/","name":"Grupo NS","description":"","publisher":{"@id":"https:\/\/nsproducoeseventos.com\/#organization"},"alternateName":"Grupos NS Produ\u00e7\u00f5es","potentialAction":[{"@type":"SearchAction","target":{"@type":"EntryPoint","urlTemplate":"https:\/\/nsproducoeseventos.com\/?s={search_term_string}"},"query-input":{"@type":"PropertyValueSpecification","valueRequired":true,"valueName":"search_term_string"}}],"inLanguage":"en-GB"},{"@type":"Organization","@id":"https:\/\/nsproducoeseventos.com\/#organization","name":"Grupo NS","url":"https:\/\/nsproducoeseventos.com\/","logo":{"@type":"ImageObject","inLanguage":"en-GB","@id":"https:\/\/nsproducoeseventos.com\/#\/schema\/logo\/image\/","url":"https:\/\/nsproducoeseventos.com\/wp-content\/uploads\/2025\/11\/Logo_NS_-removebg-preview.png","contentUrl":"https:\/\/nsproducoeseventos.com\/wp-content\/uploads\/2025\/11\/Logo_NS_-removebg-preview.png","width":532,"height":469,"caption":"Grupo NS"},"image":{"@id":"https:\/\/nsproducoeseventos.com\/#\/schema\/logo\/image\/"},"sameAs":["https:\/\/www.facebook.com\/nsgrupo"]}]}},"_links":{"self":[{"href":"https:\/\/nsproducoeseventos.com\/en\/wp-json\/wp\/v2\/pages\/2970","targetHints":{"allow":["GET"]}}],"collection":[{"href":"https:\/\/nsproducoeseventos.com\/en\/wp-json\/wp\/v2\/pages"}],"about":[{"href":"https:\/\/nsproducoeseventos.com\/en\/wp-json\/wp\/v2\/types\/page"}],"author":[{"embeddable":true,"href":"https:\/\/nsproducoeseventos.com\/en\/wp-json\/wp\/v2\/users\/1"}],"replies":[{"embeddable":true,"href":"https:\/\/nsproducoeseventos.com\/en\/wp-json\/wp\/v2\/comments?post=2970"}],"version-history":[{"count":4,"href":"https:\/\/nsproducoeseventos.com\/en\/wp-json\/wp\/v2\/pages\/2970\/revisions"}],"predecessor-version":[{"id":2974,"href":"https:\/\/nsproducoeseventos.com\/en\/wp-json\/wp\/v2\/pages\/2970\/revisions\/2974"}],"wp:attachment":[{"href":"https:\/\/nsproducoeseventos.com\/en\/wp-json\/wp\/v2\/media?parent=2970"}],"curies":[{"name":"wp","href":"https:\/\/api.w.org\/{rel}","templated":true}]}}