{"id":1980,"date":"2025-07-08T12:58:17","date_gmt":"2025-07-08T12:58:17","guid":{"rendered":"https:\/\/elementor-kits-06.nicdark.com\/?page_id=1980"},"modified":"2025-11-29T16:27:10","modified_gmt":"2025-11-29T16:27:10","slug":"brevemente","status":"publish","type":"page","link":"https:\/\/nsproducoeseventos.com\/en\/brevemente\/","title":{"rendered":"Brevemente"},"content":{"rendered":"<div data-elementor-type=\"wp-page\" data-elementor-id=\"1980\" class=\"elementor elementor-1980\" data-elementor-post-type=\"page\">\n\t\t\t\t<div class=\"elementor-element elementor-element-66eaf020 e-flex e-con-boxed e-con e-parent\" data-id=\"66eaf020\" data-element_type=\"container\" data-e-type=\"container\" data-settings=\"{&quot;background_background&quot;:&quot;classic&quot;}\">\n\t\t\t\t\t<div class=\"e-con-inner\">\n\t\t<div class=\"elementor-element elementor-element-36fe0177 e-con-full e-flex elementor-invisible e-con e-child\" data-id=\"36fe0177\" data-element_type=\"container\" data-e-type=\"container\" data-settings=\"{&quot;animation&quot;:&quot;fadeInUp&quot;,&quot;animation_delay&quot;:200}\">\n\t\t\t\t<div class=\"elementor-element elementor-element-0732823 elementor-widget elementor-widget-image\" data-id=\"0732823\" data-element_type=\"widget\" data-e-type=\"widget\" data-widget_type=\"image.default\">\n\t\t\t\t\t\t\t\t\t\t\t\t\t\t\t<img fetchpriority=\"high\" decoding=\"async\" width=\"512\" height=\"512\" src=\"https:\/\/nsproducoeseventos.com\/wp-content\/uploads\/2025\/11\/cropped-Logo_NS_-removebg-preview.png\" class=\"attachment-large size-large wp-image-2679\" alt=\"\" srcset=\"https:\/\/nsproducoeseventos.com\/wp-content\/uploads\/2025\/11\/cropped-Logo_NS_-removebg-preview.png 512w, https:\/\/nsproducoeseventos.com\/wp-content\/uploads\/2025\/11\/cropped-Logo_NS_-removebg-preview-300x300.png 300w, https:\/\/nsproducoeseventos.com\/wp-content\/uploads\/2025\/11\/cropped-Logo_NS_-removebg-preview-150x150.png 150w, https:\/\/nsproducoeseventos.com\/wp-content\/uploads\/2025\/11\/cropped-Logo_NS_-removebg-preview-100x100.png 100w, https:\/\/nsproducoeseventos.com\/wp-content\/uploads\/2025\/11\/cropped-Logo_NS_-removebg-preview-270x270.png 270w, https:\/\/nsproducoeseventos.com\/wp-content\/uploads\/2025\/11\/cropped-Logo_NS_-removebg-preview-192x192.png 192w, https:\/\/nsproducoeseventos.com\/wp-content\/uploads\/2025\/11\/cropped-Logo_NS_-removebg-preview-180x180.png 180w, https:\/\/nsproducoeseventos.com\/wp-content\/uploads\/2025\/11\/cropped-Logo_NS_-removebg-preview-32x32.png 32w\" sizes=\"(max-width: 512px) 100vw, 512px\" \/>\t\t\t\t\t\t\t\t\t\t\t\t\t\t\t<\/div>\n\t\t\t\t<div class=\"elementor-element elementor-element-5571e755 elementor-widget elementor-widget-heading\" data-id=\"5571e755\" data-element_type=\"widget\" data-e-type=\"widget\" data-widget_type=\"heading.default\">\n\t\t\t\t\t<h5 class=\"elementor-heading-title elementor-size-default\">ESTAMOS A TRABALHAR NO NOSSO SITE<\/h5>\t\t\t\t<\/div>\n\t\t\t\t<div class=\"elementor-element elementor-element-385e273c elementor-widget elementor-widget-heading\" data-id=\"385e273c\" data-element_type=\"widget\" data-e-type=\"widget\" data-widget_type=\"heading.default\">\n\t\t\t\t\t<h2 class=\"elementor-heading-title elementor-size-default\">BREVEMENTE<\/h2>\t\t\t\t<\/div>\n\t\t\t\t<div class=\"elementor-element elementor-element-736e995d elementor-widget elementor-widget-heading\" data-id=\"736e995d\" data-element_type=\"widget\" data-e-type=\"widget\" data-widget_type=\"heading.default\">\n\t\t\t\t\t<p class=\"elementor-heading-title elementor-size-default\">Enquanto renovamos o nosso website, contacta-nos atrav\u00e9s do formul\u00e1rio abaixo ou atrav\u00e9s  do contacto <a href=\"tel:+351915229936\">915229936<\/a><\/p>\t\t\t\t<\/div>\n\t\t\t\t<\/div>\n\t\t<div class=\"elementor-element elementor-element-3a6b1e4c e-con-full elementor-hidden-desktop elementor-hidden-tablet elementor-hidden-mobile e-flex e-con e-child\" data-id=\"3a6b1e4c\" data-element_type=\"container\" data-e-type=\"container\">\n\t\t\t\t<div class=\"elementor-element elementor-element-5726d8d1 elementor-countdown--label-block elementor-widget elementor-widget-countdown\" data-id=\"5726d8d1\" data-element_type=\"widget\" data-e-type=\"widget\" data-widget_type=\"countdown.default\">\n\t\t\t\t\t\t\t<div class=\"elementor-countdown-wrapper\" data-date=\"2023348080\">\n\t\t\t<div class=\"elementor-countdown-item\"><span class=\"elementor-countdown-digits elementor-countdown-hours\"><\/span> <span class=\"elementor-countdown-label\">Hours<\/span><\/div><div class=\"elementor-countdown-item\"><span class=\"elementor-countdown-digits elementor-countdown-minutes\"><\/span> <span class=\"elementor-countdown-label\">Minutes<\/span><\/div><div class=\"elementor-countdown-item\"><span class=\"elementor-countdown-digits elementor-countdown-seconds\"><\/span> <span class=\"elementor-countdown-label\">Seconds<\/span><\/div>\t\t<\/div>\n\t\t\t\t\t\t<\/div>\n\t\t\t\t<\/div>\n\t\t<div class=\"elementor-element elementor-element-b9c8347 e-con-full e-flex e-con e-child\" data-id=\"b9c8347\" data-element_type=\"container\" data-e-type=\"container\">\n\t\t\t\t<div class=\"elementor-element elementor-element-32356a75 elementor-button-align-stretch elementor-invisible elementor-widget elementor-widget-form\" data-id=\"32356a75\" data-element_type=\"widget\" data-e-type=\"widget\" data-settings=\"{&quot;step_next_label&quot;:&quot;Pr\\u00f3ximo&quot;,&quot;step_previous_label&quot;:&quot;Anterior&quot;,&quot;_animation&quot;:&quot;fadeIn&quot;,&quot;_animation_delay&quot;:400,&quot;button_width&quot;:&quot;100&quot;,&quot;step_type&quot;:&quot;number_text&quot;,&quot;step_icon_shape&quot;:&quot;circle&quot;}\" data-widget_type=\"form.default\">\n\t\t\t\t\t\t\t<form class=\"elementor-form\" method=\"post\" name=\"Contact\" aria-label=\"Contact\" action=\"\">\n\t\t\t<input type=\"hidden\" name=\"post_id\" value=\"1980\"\/>\n\t\t\t<input type=\"hidden\" name=\"form_id\" value=\"32356a75\"\/>\n\t\t\t<input type=\"hidden\" name=\"referer_title\" value=\"Grupo NS\" \/>\n\n\t\t\t\n\t\t\t<div class=\"elementor-form-fields-wrapper elementor-labels-\">\n\t\t\t\t\t\t\t\t<div class=\"elementor-field-type-text elementor-field-group elementor-column elementor-field-group-name elementor-col-50\">\n\t\t\t\t\t\t\t\t\t\t\t\t<label for=\"form-field-name\" class=\"elementor-field-label elementor-screen-only\">\n\t\t\t\t\t\t\t\tName\t\t\t\t\t\t\t<\/label>\n\t\t\t\t\t\t\t\t\t\t\t\t\t\t<input size=\"1\" type=\"text\" name=\"form_fields[name]\" id=\"form-field-name\" class=\"elementor-field elementor-size-sm  elementor-field-textual\" placeholder=\"Name\">\n\t\t\t\t\t\t\t\t\t\t\t<\/div>\n\t\t\t\t\t\t\t\t<div class=\"elementor-field-type-text elementor-field-group elementor-column elementor-field-group-field_e9b5396 elementor-col-50\">\n\t\t\t\t\t\t\t\t\t\t\t\t<label for=\"form-field-field_e9b5396\" class=\"elementor-field-label elementor-screen-only\">\n\t\t\t\t\t\t\t\tSurname\t\t\t\t\t\t\t<\/label>\n\t\t\t\t\t\t\t\t\t\t\t\t\t\t<input size=\"1\" type=\"text\" name=\"form_fields[field_e9b5396]\" id=\"form-field-field_e9b5396\" class=\"elementor-field elementor-size-sm  elementor-field-textual\" placeholder=\"Surname\">\n\t\t\t\t\t\t\t\t\t\t\t<\/div>\n\t\t\t\t\t\t\t\t<div class=\"elementor-field-type-email elementor-field-group elementor-column elementor-field-group-email elementor-col-100 elementor-field-required\">\n\t\t\t\t\t\t\t\t\t\t\t\t<label for=\"form-field-email\" class=\"elementor-field-label elementor-screen-only\">\n\t\t\t\t\t\t\t\tEmail\t\t\t\t\t\t\t<\/label>\n\t\t\t\t\t\t\t\t\t\t\t\t\t\t<input size=\"1\" type=\"email\" name=\"form_fields[email]\" id=\"form-field-email\" class=\"elementor-field elementor-size-sm  elementor-field-textual\" placeholder=\"Email\" required=\"required\">\n\t\t\t\t\t\t\t\t\t\t\t<\/div>\n\t\t\t\t\t\t\t\t<div class=\"elementor-field-type-textarea elementor-field-group elementor-column elementor-field-group-message elementor-col-100\">\n\t\t\t\t\t\t\t\t\t\t\t\t<label for=\"form-field-message\" class=\"elementor-field-label elementor-screen-only\">\n\t\t\t\t\t\t\t\tMessage\t\t\t\t\t\t\t<\/label>\n\t\t\t\t\t\t<textarea class=\"elementor-field-textual elementor-field  elementor-size-sm\" name=\"form_fields[message]\" id=\"form-field-message\" rows=\"4\" placeholder=\"Message\"><\/textarea>\t\t\t\t<\/div>\n\t\t\t\t\t\t\t\t<div class=\"elementor-field-group elementor-column elementor-field-type-submit elementor-col-100 e-form__buttons\">\n\t\t\t\t\t<button class=\"elementor-button elementor-size-sm\" type=\"submit\">\n\t\t\t\t\t\t<span class=\"elementor-button-content-wrapper\">\n\t\t\t\t\t\t\t\t\t\t\t\t\t\t\t\t\t\t\t\t\t\t<span class=\"elementor-button-text\">Send<\/span>\n\t\t\t\t\t\t\t\t\t\t\t\t\t<\/span>\n\t\t\t\t\t<\/button>\n\t\t\t\t<\/div>\n\t\t\t<\/div>\n\t\t<input type=\"hidden\" name=\"trp-form-language\" value=\"en\"\/><\/form>\n\t\t\t\t\t\t<\/div>\n\t\t\t\t<\/div>\n\t\t\t\t\t<\/div>\n\t\t\t\t<\/div>\n\t\t\t\t<\/div>","protected":false},"excerpt":{"rendered":"<p>ESTAMOS A TRABALHAR NO NOSSO SITE BREVEMENTE Enquanto renovamos o nosso website, contacta-nos atrav\u00e9s do formul\u00e1rio abaixo ou atrav\u00e9s do contacto 915229936 Hours Minutes Seconds<\/p>","protected":false},"author":1,"featured_media":0,"parent":0,"menu_order":0,"comment_status":"closed","ping_status":"closed","template":"elementor_canvas","meta":{"footnotes":""},"class_list":["post-1980","page","type-page","status-publish","hentry"],"yoast_head":"<!-- This site is optimized with the Yoast SEO plugin v26.7 - https:\/\/yoast.com\/wordpress\/plugins\/seo\/ -->\n<title>Grupo NS - Brevemente<\/title>\n<meta name=\"robots\" content=\"index, follow, max-snippet:-1, max-image-preview:large, max-video-preview:-1\" \/>\n<link rel=\"canonical\" href=\"https:\/\/nsproducoeseventos.com\/en\/brevemente\/\" \/>\n<meta property=\"og:locale\" content=\"en_GB\" \/>\n<meta property=\"og:type\" content=\"article\" \/>\n<meta property=\"og:title\" content=\"Grupo NS - Brevemente\" \/>\n<meta property=\"og:description\" content=\"ESTAMOS A TRABALHAR NO NOSSO SITE BREVEMENTE Enquanto renovamos o nosso website, contacta-nos atrav\u00e9s do formul\u00e1rio abaixo ou atrav\u00e9s do contacto 915229936 Hours Minutes Seconds\" \/>\n<meta property=\"og:url\" content=\"https:\/\/nsproducoeseventos.com\/en\/brevemente\/\" \/>\n<meta property=\"og:site_name\" content=\"Grupo NS\" \/>\n<meta property=\"article:publisher\" content=\"https:\/\/www.facebook.com\/nsgrupo\" \/>\n<meta property=\"article:modified_time\" content=\"2025-11-29T16:27:10+00:00\" \/>\n<meta property=\"og:image\" content=\"https:\/\/nsproducoeseventos.com\/wp-content\/uploads\/2025\/11\/cropped-Logo_NS_-removebg-preview.png\" \/>\n<meta name=\"twitter:card\" content=\"summary_large_image\" \/>\n<script type=\"application\/ld+json\" class=\"yoast-schema-graph\">{\"@context\":\"https:\/\/schema.org\",\"@graph\":[{\"@type\":\"WebPage\",\"@id\":\"https:\/\/nsproducoeseventos.com\/brevemente\/\",\"url\":\"https:\/\/nsproducoeseventos.com\/brevemente\/\",\"name\":\"Grupo NS - Brevemente\",\"isPartOf\":{\"@id\":\"https:\/\/nsproducoeseventos.com\/#website\"},\"primaryImageOfPage\":{\"@id\":\"https:\/\/nsproducoeseventos.com\/brevemente\/#primaryimage\"},\"image\":{\"@id\":\"https:\/\/nsproducoeseventos.com\/brevemente\/#primaryimage\"},\"thumbnailUrl\":\"https:\/\/nsproducoeseventos.com\/wp-content\/uploads\/2025\/11\/cropped-Logo_NS_-removebg-preview.png\",\"datePublished\":\"2025-07-08T12:58:17+00:00\",\"dateModified\":\"2025-11-29T16:27:10+00:00\",\"breadcrumb\":{\"@id\":\"https:\/\/nsproducoeseventos.com\/brevemente\/#breadcrumb\"},\"inLanguage\":\"en-GB\",\"potentialAction\":[{\"@type\":\"ReadAction\",\"target\":[\"https:\/\/nsproducoeseventos.com\/brevemente\/\"]}]},{\"@type\":\"ImageObject\",\"inLanguage\":\"en-GB\",\"@id\":\"https:\/\/nsproducoeseventos.com\/brevemente\/#primaryimage\",\"url\":\"https:\/\/nsproducoeseventos.com\/wp-content\/uploads\/2025\/11\/cropped-Logo_NS_-removebg-preview.png\",\"contentUrl\":\"https:\/\/nsproducoeseventos.com\/wp-content\/uploads\/2025\/11\/cropped-Logo_NS_-removebg-preview.png\"},{\"@type\":\"BreadcrumbList\",\"@id\":\"https:\/\/nsproducoeseventos.com\/brevemente\/#breadcrumb\",\"itemListElement\":[{\"@type\":\"ListItem\",\"position\":1,\"name\":\"In\u00edcio\",\"item\":\"https:\/\/nsproducoeseventos.com\/\"},{\"@type\":\"ListItem\",\"position\":2,\"name\":\"Brevemente\"}]},{\"@type\":\"WebSite\",\"@id\":\"https:\/\/nsproducoeseventos.com\/#website\",\"url\":\"https:\/\/nsproducoeseventos.com\/\",\"name\":\"Grupo NS\",\"description\":\"\",\"publisher\":{\"@id\":\"https:\/\/nsproducoeseventos.com\/#organization\"},\"alternateName\":\"Grupos NS Produ\u00e7\u00f5es\",\"potentialAction\":[{\"@type\":\"SearchAction\",\"target\":{\"@type\":\"EntryPoint\",\"urlTemplate\":\"https:\/\/nsproducoeseventos.com\/?s={search_term_string}\"},\"query-input\":{\"@type\":\"PropertyValueSpecification\",\"valueRequired\":true,\"valueName\":\"search_term_string\"}}],\"inLanguage\":\"en-GB\"},{\"@type\":\"Organization\",\"@id\":\"https:\/\/nsproducoeseventos.com\/#organization\",\"name\":\"Grupo NS\",\"url\":\"https:\/\/nsproducoeseventos.com\/\",\"logo\":{\"@type\":\"ImageObject\",\"inLanguage\":\"en-GB\",\"@id\":\"https:\/\/nsproducoeseventos.com\/#\/schema\/logo\/image\/\",\"url\":\"https:\/\/nsproducoeseventos.com\/wp-content\/uploads\/2025\/11\/Logo_NS_-removebg-preview.png\",\"contentUrl\":\"https:\/\/nsproducoeseventos.com\/wp-content\/uploads\/2025\/11\/Logo_NS_-removebg-preview.png\",\"width\":532,\"height\":469,\"caption\":\"Grupo NS\"},\"image\":{\"@id\":\"https:\/\/nsproducoeseventos.com\/#\/schema\/logo\/image\/\"},\"sameAs\":[\"https:\/\/www.facebook.com\/nsgrupo\"]}]}<\/script>\n<!-- \/ Yoast SEO plugin. -->","yoast_head_json":{"title":"Grupo NS - Brevemente","robots":{"index":"index","follow":"follow","max-snippet":"max-snippet:-1","max-image-preview":"max-image-preview:large","max-video-preview":"max-video-preview:-1"},"canonical":"https:\/\/nsproducoeseventos.com\/en\/brevemente\/","og_locale":"en_GB","og_type":"article","og_title":"Grupo NS - Brevemente","og_description":"ESTAMOS A TRABALHAR NO NOSSO SITE BREVEMENTE Enquanto renovamos o nosso website, contacta-nos atrav\u00e9s do formul\u00e1rio abaixo ou atrav\u00e9s do contacto 915229936 Hours Minutes Seconds","og_url":"https:\/\/nsproducoeseventos.com\/en\/brevemente\/","og_site_name":"Grupo NS","article_publisher":"https:\/\/www.facebook.com\/nsgrupo","article_modified_time":"2025-11-29T16:27:10+00:00","og_image":[{"url":"https:\/\/nsproducoeseventos.com\/wp-content\/uploads\/2025\/11\/cropped-Logo_NS_-removebg-preview.png","type":"","width":"","height":""}],"twitter_card":"summary_large_image","schema":{"@context":"https:\/\/schema.org","@graph":[{"@type":"WebPage","@id":"https:\/\/nsproducoeseventos.com\/brevemente\/","url":"https:\/\/nsproducoeseventos.com\/brevemente\/","name":"Grupo NS - Brevemente","isPartOf":{"@id":"https:\/\/nsproducoeseventos.com\/#website"},"primaryImageOfPage":{"@id":"https:\/\/nsproducoeseventos.com\/brevemente\/#primaryimage"},"image":{"@id":"https:\/\/nsproducoeseventos.com\/brevemente\/#primaryimage"},"thumbnailUrl":"https:\/\/nsproducoeseventos.com\/wp-content\/uploads\/2025\/11\/cropped-Logo_NS_-removebg-preview.png","datePublished":"2025-07-08T12:58:17+00:00","dateModified":"2025-11-29T16:27:10+00:00","breadcrumb":{"@id":"https:\/\/nsproducoeseventos.com\/brevemente\/#breadcrumb"},"inLanguage":"en-GB","potentialAction":[{"@type":"ReadAction","target":["https:\/\/nsproducoeseventos.com\/brevemente\/"]}]},{"@type":"ImageObject","inLanguage":"en-GB","@id":"https:\/\/nsproducoeseventos.com\/brevemente\/#primaryimage","url":"https:\/\/nsproducoeseventos.com\/wp-content\/uploads\/2025\/11\/cropped-Logo_NS_-removebg-preview.png","contentUrl":"https:\/\/nsproducoeseventos.com\/wp-content\/uploads\/2025\/11\/cropped-Logo_NS_-removebg-preview.png"},{"@type":"BreadcrumbList","@id":"https:\/\/nsproducoeseventos.com\/brevemente\/#breadcrumb","itemListElement":[{"@type":"ListItem","position":1,"name":"In\u00edcio","item":"https:\/\/nsproducoeseventos.com\/"},{"@type":"ListItem","position":2,"name":"Brevemente"}]},{"@type":"WebSite","@id":"https:\/\/nsproducoeseventos.com\/#website","url":"https:\/\/nsproducoeseventos.com\/","name":"Grupo NS","description":"","publisher":{"@id":"https:\/\/nsproducoeseventos.com\/#organization"},"alternateName":"Grupos NS Produ\u00e7\u00f5es","potentialAction":[{"@type":"SearchAction","target":{"@type":"EntryPoint","urlTemplate":"https:\/\/nsproducoeseventos.com\/?s={search_term_string}"},"query-input":{"@type":"PropertyValueSpecification","valueRequired":true,"valueName":"search_term_string"}}],"inLanguage":"en-GB"},{"@type":"Organization","@id":"https:\/\/nsproducoeseventos.com\/#organization","name":"Grupo NS","url":"https:\/\/nsproducoeseventos.com\/","logo":{"@type":"ImageObject","inLanguage":"en-GB","@id":"https:\/\/nsproducoeseventos.com\/#\/schema\/logo\/image\/","url":"https:\/\/nsproducoeseventos.com\/wp-content\/uploads\/2025\/11\/Logo_NS_-removebg-preview.png","contentUrl":"https:\/\/nsproducoeseventos.com\/wp-content\/uploads\/2025\/11\/Logo_NS_-removebg-preview.png","width":532,"height":469,"caption":"Grupo NS"},"image":{"@id":"https:\/\/nsproducoeseventos.com\/#\/schema\/logo\/image\/"},"sameAs":["https:\/\/www.facebook.com\/nsgrupo"]}]}},"_links":{"self":[{"href":"https:\/\/nsproducoeseventos.com\/en\/wp-json\/wp\/v2\/pages\/1980","targetHints":{"allow":["GET"]}}],"collection":[{"href":"https:\/\/nsproducoeseventos.com\/en\/wp-json\/wp\/v2\/pages"}],"about":[{"href":"https:\/\/nsproducoeseventos.com\/en\/wp-json\/wp\/v2\/types\/page"}],"author":[{"embeddable":true,"href":"https:\/\/nsproducoeseventos.com\/en\/wp-json\/wp\/v2\/users\/1"}],"replies":[{"embeddable":true,"href":"https:\/\/nsproducoeseventos.com\/en\/wp-json\/wp\/v2\/comments?post=1980"}],"version-history":[{"count":7,"href":"https:\/\/nsproducoeseventos.com\/en\/wp-json\/wp\/v2\/pages\/1980\/revisions"}],"predecessor-version":[{"id":2757,"href":"https:\/\/nsproducoeseventos.com\/en\/wp-json\/wp\/v2\/pages\/1980\/revisions\/2757"}],"wp:attachment":[{"href":"https:\/\/nsproducoeseventos.com\/en\/wp-json\/wp\/v2\/media?parent=1980"}],"curies":[{"name":"wp","href":"https:\/\/api.w.org\/{rel}","templated":true}]}}